{"id":329,"date":"2016-12-02T18:28:19","date_gmt":"2016-12-02T16:28:19","guid":{"rendered":"http:\/\/demo16.iggo.fi\/talvikyla\/en\/?page_id=329"},"modified":"2021-11-22T23:33:42","modified_gmt":"2021-11-22T21:33:42","slug":"museums","status":"publish","type":"page","link":"https:\/\/www.kolttasaamelaiset.fi\/en\/museums\/","title":{"rendered":"Museums"},"content":{"rendered":"","protected":false},"excerpt":{"rendered":"","protected":false},"author":1,"featured_media":0,"parent":0,"menu_order":3,"comment_status":"closed","ping_status":"closed","template":"","meta":{"_acf_changed":false,"footnotes":""},"class_list":["post-329","page","type-page","status-publish","hentry"],"acf":[],"yoast_head":"<!-- This site is optimized with the Yoast SEO plugin v27.3 - https:\/\/yoast.com\/product\/yoast-seo-wordpress\/ -->\n<title>Museums - Talvikyl&auml;<\/title>\n<meta name=\"robots\" content=\"index, follow, max-snippet:-1, max-image-preview:large, max-video-preview:-1\" \/>\n<link rel=\"canonical\" href=\"https:\/\/www.kolttasaamelaiset.fi\/museot\/\" \/>\n<meta property=\"og:locale\" content=\"en_US\" \/>\n<meta property=\"og:type\" content=\"article\" \/>\n<meta property=\"og:title\" content=\"Museums - Talvikyl&auml;\" \/>\n<meta property=\"og:url\" content=\"https:\/\/www.kolttasaamelaiset.fi\/museot\/\" \/>\n<meta property=\"og:site_name\" content=\"Talvikyl&auml;\" \/>\n<meta property=\"article:publisher\" content=\"https:\/\/www.facebook.com\/kolttakulttuurisaatio\/\" \/>\n<meta property=\"article:modified_time\" content=\"2021-11-22T21:33:42+00:00\" \/>\n<meta property=\"og:image\" content=\"http:\/\/www.kolttasaamelaiset.fi\/wp-content\/themes\/iggo\/images\/fb-shareimage.jpg\" \/>\n<meta name=\"twitter:card\" content=\"summary_large_image\" \/>\n<meta name=\"twitter:site\" content=\"@Kolttakulttuuri\" \/>\n<script type=\"application\/ld+json\" class=\"yoast-schema-graph\">{\"@context\":\"https:\\\/\\\/schema.org\",\"@graph\":[{\"@type\":\"WebPage\",\"@id\":\"https:\\\/\\\/www.kolttasaamelaiset.fi\\\/museot\\\/\",\"url\":\"https:\\\/\\\/www.kolttasaamelaiset.fi\\\/museot\\\/\",\"name\":\"Museums - Talvikyl&auml;\",\"isPartOf\":{\"@id\":\"https:\\\/\\\/www.kolttasaamelaiset.fi\\\/#website\"},\"datePublished\":\"2016-12-02T16:28:19+00:00\",\"dateModified\":\"2021-11-22T21:33:42+00:00\",\"breadcrumb\":{\"@id\":\"https:\\\/\\\/www.kolttasaamelaiset.fi\\\/museot\\\/#breadcrumb\"},\"inLanguage\":\"en-US\",\"potentialAction\":[{\"@type\":\"ReadAction\",\"target\":[\"https:\\\/\\\/www.kolttasaamelaiset.fi\\\/museot\\\/\"]}]},{\"@type\":\"BreadcrumbList\",\"@id\":\"https:\\\/\\\/www.kolttasaamelaiset.fi\\\/museot\\\/#breadcrumb\",\"itemListElement\":[{\"@type\":\"ListItem\",\"position\":1,\"name\":\"Etusivu\",\"item\":\"https:\\\/\\\/www.kolttasaamelaiset.fi\\\/en\\\/\"},{\"@type\":\"ListItem\",\"position\":2,\"name\":\"Museums\"}]},{\"@type\":\"WebSite\",\"@id\":\"https:\\\/\\\/www.kolttasaamelaiset.fi\\\/#website\",\"url\":\"https:\\\/\\\/www.kolttasaamelaiset.fi\\\/\",\"name\":\"Talvikyl&auml;\",\"description\":\"\",\"publisher\":{\"@id\":\"https:\\\/\\\/www.kolttasaamelaiset.fi\\\/#organization\"},\"potentialAction\":[{\"@type\":\"SearchAction\",\"target\":{\"@type\":\"EntryPoint\",\"urlTemplate\":\"https:\\\/\\\/www.kolttasaamelaiset.fi\\\/?s={search_term_string}\"},\"query-input\":{\"@type\":\"PropertyValueSpecification\",\"valueRequired\":true,\"valueName\":\"search_term_string\"}}],\"inLanguage\":\"en-US\"},{\"@type\":\"Organization\",\"@id\":\"https:\\\/\\\/www.kolttasaamelaiset.fi\\\/#organization\",\"name\":\"Kolttakulttuuris\u00e4\u00e4ti\u00f6 sr\",\"alternateName\":\"Kolttakulttuuris\u00e4\u00e4ti\u00f6\",\"url\":\"https:\\\/\\\/www.kolttasaamelaiset.fi\\\/\",\"logo\":{\"@type\":\"ImageObject\",\"inLanguage\":\"en-US\",\"@id\":\"https:\\\/\\\/www.kolttasaamelaiset.fi\\\/#\\\/schema\\\/logo\\\/image\\\/\",\"url\":\"https:\\\/\\\/www.kolttasaamelaiset.fi\\\/wp-content\\\/uploads\\\/2024\\\/10\\\/cropped-kks_300ppi_LOGO_FINAL.png\",\"contentUrl\":\"https:\\\/\\\/www.kolttasaamelaiset.fi\\\/wp-content\\\/uploads\\\/2024\\\/10\\\/cropped-kks_300ppi_LOGO_FINAL.png\",\"width\":512,\"height\":512,\"caption\":\"Kolttakulttuuris\u00e4\u00e4ti\u00f6 sr\"},\"image\":{\"@id\":\"https:\\\/\\\/www.kolttasaamelaiset.fi\\\/#\\\/schema\\\/logo\\\/image\\\/\"},\"sameAs\":[\"https:\\\/\\\/www.facebook.com\\\/kolttakulttuurisaatio\\\/\",\"https:\\\/\\\/x.com\\\/Kolttakulttuuri\",\"https:\\\/\\\/www.instagram.com\\\/kolttakulttuurisaatiotalvikyla\\\/\"]}]}<\/script>\n<!-- \/ Yoast SEO plugin. -->","yoast_head_json":{"title":"Museums - Talvikyl&auml;","robots":{"index":"index","follow":"follow","max-snippet":"max-snippet:-1","max-image-preview":"max-image-preview:large","max-video-preview":"max-video-preview:-1"},"canonical":"https:\/\/www.kolttasaamelaiset.fi\/museot\/","og_locale":"en_US","og_type":"article","og_title":"Museums - Talvikyl&auml;","og_url":"https:\/\/www.kolttasaamelaiset.fi\/museot\/","og_site_name":"Talvikyl&auml;","article_publisher":"https:\/\/www.facebook.com\/kolttakulttuurisaatio\/","article_modified_time":"2021-11-22T21:33:42+00:00","og_image":[{"url":"http:\/\/www.kolttasaamelaiset.fi\/wp-content\/themes\/iggo\/images\/fb-shareimage.jpg","type":"","width":"","height":""}],"twitter_card":"summary_large_image","twitter_site":"@Kolttakulttuuri","schema":{"@context":"https:\/\/schema.org","@graph":[{"@type":"WebPage","@id":"https:\/\/www.kolttasaamelaiset.fi\/museot\/","url":"https:\/\/www.kolttasaamelaiset.fi\/museot\/","name":"Museums - Talvikyl&auml;","isPartOf":{"@id":"https:\/\/www.kolttasaamelaiset.fi\/#website"},"datePublished":"2016-12-02T16:28:19+00:00","dateModified":"2021-11-22T21:33:42+00:00","breadcrumb":{"@id":"https:\/\/www.kolttasaamelaiset.fi\/museot\/#breadcrumb"},"inLanguage":"en-US","potentialAction":[{"@type":"ReadAction","target":["https:\/\/www.kolttasaamelaiset.fi\/museot\/"]}]},{"@type":"BreadcrumbList","@id":"https:\/\/www.kolttasaamelaiset.fi\/museot\/#breadcrumb","itemListElement":[{"@type":"ListItem","position":1,"name":"Etusivu","item":"https:\/\/www.kolttasaamelaiset.fi\/en\/"},{"@type":"ListItem","position":2,"name":"Museums"}]},{"@type":"WebSite","@id":"https:\/\/www.kolttasaamelaiset.fi\/#website","url":"https:\/\/www.kolttasaamelaiset.fi\/","name":"Talvikyl&auml;","description":"","publisher":{"@id":"https:\/\/www.kolttasaamelaiset.fi\/#organization"},"potentialAction":[{"@type":"SearchAction","target":{"@type":"EntryPoint","urlTemplate":"https:\/\/www.kolttasaamelaiset.fi\/?s={search_term_string}"},"query-input":{"@type":"PropertyValueSpecification","valueRequired":true,"valueName":"search_term_string"}}],"inLanguage":"en-US"},{"@type":"Organization","@id":"https:\/\/www.kolttasaamelaiset.fi\/#organization","name":"Kolttakulttuuris\u00e4\u00e4ti\u00f6 sr","alternateName":"Kolttakulttuuris\u00e4\u00e4ti\u00f6","url":"https:\/\/www.kolttasaamelaiset.fi\/","logo":{"@type":"ImageObject","inLanguage":"en-US","@id":"https:\/\/www.kolttasaamelaiset.fi\/#\/schema\/logo\/image\/","url":"https:\/\/www.kolttasaamelaiset.fi\/wp-content\/uploads\/2024\/10\/cropped-kks_300ppi_LOGO_FINAL.png","contentUrl":"https:\/\/www.kolttasaamelaiset.fi\/wp-content\/uploads\/2024\/10\/cropped-kks_300ppi_LOGO_FINAL.png","width":512,"height":512,"caption":"Kolttakulttuuris\u00e4\u00e4ti\u00f6 sr"},"image":{"@id":"https:\/\/www.kolttasaamelaiset.fi\/#\/schema\/logo\/image\/"},"sameAs":["https:\/\/www.facebook.com\/kolttakulttuurisaatio\/","https:\/\/x.com\/Kolttakulttuuri","https:\/\/www.instagram.com\/kolttakulttuurisaatiotalvikyla\/"]}]}},"_links":{"self":[{"href":"https:\/\/www.kolttasaamelaiset.fi\/en\/wp-json\/wp\/v2\/pages\/329","targetHints":{"allow":["GET"]}}],"collection":[{"href":"https:\/\/www.kolttasaamelaiset.fi\/en\/wp-json\/wp\/v2\/pages"}],"about":[{"href":"https:\/\/www.kolttasaamelaiset.fi\/en\/wp-json\/wp\/v2\/types\/page"}],"author":[{"embeddable":true,"href":"https:\/\/www.kolttasaamelaiset.fi\/en\/wp-json\/wp\/v2\/users\/1"}],"replies":[{"embeddable":true,"href":"https:\/\/www.kolttasaamelaiset.fi\/en\/wp-json\/wp\/v2\/comments?post=329"}],"version-history":[{"count":3,"href":"https:\/\/www.kolttasaamelaiset.fi\/en\/wp-json\/wp\/v2\/pages\/329\/revisions"}],"predecessor-version":[{"id":3929,"href":"https:\/\/www.kolttasaamelaiset.fi\/en\/wp-json\/wp\/v2\/pages\/329\/revisions\/3929"}],"wp:attachment":[{"href":"https:\/\/www.kolttasaamelaiset.fi\/en\/wp-json\/wp\/v2\/media?parent=329"}],"curies":[{"name":"wp","href":"https:\/\/api.w.org\/{rel}","templated":true}]}}