{"id":4194,"date":"2022-02-15T16:20:08","date_gmt":"2022-02-15T14:20:08","guid":{"rendered":"http:\/\/www.kolttasaamelaiset.fi\/se\/?page_id=4194"},"modified":"2022-02-15T16:20:23","modified_gmt":"2022-02-15T14:20:23","slug":"jealas-saamkioll-pirstemkealbb-4-2","status":"publish","type":"page","link":"https:\/\/www.kolttasaamelaiset.fi\/se\/nuorttsaamkulttuurfondd\/ha%ca%b9n%c7%a9%c7%a9oozz\/kiollpiezzest-skooule\/aaijpoddsaz\/jealas-saamkioll-pirstemkealbb-4-2\/","title":{"rendered":"Je\u00e4las s\u00e4\u00e4\u02b9m\u01e9i\u00f5ll! -pirstem\u01e9e\u00e2lbb 4.2.\u20134.3.2022"},"content":{"rendered":"","protected":false},"excerpt":{"rendered":"","protected":false},"author":2,"featured_media":0,"parent":4190,"menu_order":0,"comment_status":"closed","ping_status":"closed","template":"","meta":{"_acf_changed":false,"footnotes":""},"class_list":["post-4194","page","type-page","status-publish","hentry"],"acf":[],"yoast_head":"<!-- This site is optimized with the Yoast SEO plugin v27.4 - https:\/\/yoast.com\/product\/yoast-seo-wordpress\/ -->\n<title>Je\u00e4las s\u00e4\u00e4\u02b9m\u01e9i\u00f5ll! -pirstem\u01e9e\u00e2lbb 4.2.\u20134.3.2022 - Talvikyl&auml;<\/title>\n<meta name=\"robots\" content=\"index, follow, max-snippet:-1, max-image-preview:large, max-video-preview:-1\" \/>\n<link rel=\"canonical\" href=\"https:\/\/www.kolttasaamelaiset.fi\/se\/nuorttsaamkulttuurfondd\/ha\u02b9n\u01e9\u01e9oozz\/kiollpiezzest-skooule\/aaijpoddsaz\/jealas-saamkioll-pirstemkealbb-4-2\/\" \/>\n<meta property=\"og:locale\" content=\"en_US\" \/>\n<meta property=\"og:type\" content=\"article\" \/>\n<meta property=\"og:title\" content=\"Je\u00e4las s\u00e4\u00e4\u02b9m\u01e9i\u00f5ll! -pirstem\u01e9e\u00e2lbb 4.2.\u20134.3.2022 - Talvikyl&auml;\" \/>\n<meta property=\"og:url\" content=\"https:\/\/www.kolttasaamelaiset.fi\/se\/nuorttsaamkulttuurfondd\/ha\u02b9n\u01e9\u01e9oozz\/kiollpiezzest-skooule\/aaijpoddsaz\/jealas-saamkioll-pirstemkealbb-4-2\/\" \/>\n<meta property=\"og:site_name\" content=\"Talvikyl&auml;\" \/>\n<meta property=\"article:publisher\" content=\"https:\/\/www.facebook.com\/kolttakulttuurisaatio\/\" \/>\n<meta property=\"article:modified_time\" content=\"2022-02-15T14:20:23+00:00\" \/>\n<meta property=\"og:image\" content=\"http:\/\/www.kolttasaamelaiset.fi\/wp-content\/uploads\/2022\/02\/PIRSTEM\u01e8E\u00c2LBB-4.2.-4.3.2022_JULISTE_smk-\u2013-kopio.jpg\" \/>\n<meta name=\"twitter:card\" content=\"summary_large_image\" \/>\n<meta name=\"twitter:site\" content=\"@Kolttakulttuuri\" \/>\n<script type=\"application\/ld+json\" class=\"yoast-schema-graph\">{\"@context\":\"https:\\\/\\\/schema.org\",\"@graph\":[{\"@type\":\"WebPage\",\"@id\":\"https:\\\/\\\/www.kolttasaamelaiset.fi\\\/se\\\/nuorttsaamkulttuurfondd\\\/ha%ca%b9n%c7%a9%c7%a9oozz\\\/kiollpiezzest-skooule\\\/aaijpoddsaz\\\/jealas-saamkioll-pirstemkealbb-4-2\\\/\",\"url\":\"https:\\\/\\\/www.kolttasaamelaiset.fi\\\/se\\\/nuorttsaamkulttuurfondd\\\/ha%ca%b9n%c7%a9%c7%a9oozz\\\/kiollpiezzest-skooule\\\/aaijpoddsaz\\\/jealas-saamkioll-pirstemkealbb-4-2\\\/\",\"name\":\"Je\u00e4las s\u00e4\u00e4\u02b9m\u01e9i\u00f5ll! -pirstem\u01e9e\u00e2lbb 4.2.\u20134.3.2022 - Talvikyl&auml;\",\"isPartOf\":{\"@id\":\"https:\\\/\\\/www.kolttasaamelaiset.fi\\\/#website\"},\"datePublished\":\"2022-02-15T14:20:08+00:00\",\"dateModified\":\"2022-02-15T14:20:23+00:00\",\"breadcrumb\":{\"@id\":\"https:\\\/\\\/www.kolttasaamelaiset.fi\\\/se\\\/nuorttsaamkulttuurfondd\\\/ha%ca%b9n%c7%a9%c7%a9oozz\\\/kiollpiezzest-skooule\\\/aaijpoddsaz\\\/jealas-saamkioll-pirstemkealbb-4-2\\\/#breadcrumb\"},\"inLanguage\":\"se\",\"potentialAction\":[{\"@type\":\"ReadAction\",\"target\":[\"https:\\\/\\\/www.kolttasaamelaiset.fi\\\/se\\\/nuorttsaamkulttuurfondd\\\/ha%ca%b9n%c7%a9%c7%a9oozz\\\/kiollpiezzest-skooule\\\/aaijpoddsaz\\\/jealas-saamkioll-pirstemkealbb-4-2\\\/\"]}]},{\"@type\":\"BreadcrumbList\",\"@id\":\"https:\\\/\\\/www.kolttasaamelaiset.fi\\\/se\\\/nuorttsaamkulttuurfondd\\\/ha%ca%b9n%c7%a9%c7%a9oozz\\\/kiollpiezzest-skooule\\\/aaijpoddsaz\\\/jealas-saamkioll-pirstemkealbb-4-2\\\/#breadcrumb\",\"itemListElement\":[{\"@type\":\"ListItem\",\"position\":1,\"name\":\"Etusivu\",\"item\":\"https:\\\/\\\/www.kolttasaamelaiset.fi\\\/se\\\/\"},{\"@type\":\"ListItem\",\"position\":2,\"name\":\"S\u00e4\u00e4\u02b9mkulttuurfondd\",\"item\":\"https:\\\/\\\/www.kolttasaamelaiset.fi\\\/kolttakulttuurisaatio\\\/\"},{\"@type\":\"ListItem\",\"position\":3,\"name\":\"Ha\u02b9\u014b\u01e9\u01e9\u00f5\u00f5zz\",\"item\":\"https:\\\/\\\/www.kolttasaamelaiset.fi\\\/kolttakulttuurisaatio\\\/hankkeet\\\/\"},{\"@type\":\"ListItem\",\"position\":4,\"name\":\"\u01e8i\u00f5llpie\u02b9zzest \u0161koou\u02b9le -ha\u02b9\u014b\u01e9\u01e9\u00f5s\",\"item\":\"https:\\\/\\\/www.kolttasaamelaiset.fi\\\/se\\\/nuorttsaamkulttuurfondd\\\/ha%ca%b9n%c7%a9%c7%a9oozz\\\/kiollpiezzest-skooule\\\/\"},{\"@type\":\"ListItem\",\"position\":5,\"name\":\"\u00c4\u00e4i\u02b9jpoddsa\u017e\",\"item\":\"https:\\\/\\\/www.kolttasaamelaiset.fi\\\/se\\\/nuorttsaamkulttuurfondd\\\/ha%ca%b9n%c7%a9%c7%a9oozz\\\/kiollpiezzest-skooule\\\/aaijpoddsaz\\\/\"},{\"@type\":\"ListItem\",\"position\":6,\"name\":\"Je\u00e4las s\u00e4\u00e4\u02b9m\u01e9i\u00f5ll! -pirstem\u01e9e\u00e2lbb 4.2.\u20134.3.2022\"}]},{\"@type\":\"WebSite\",\"@id\":\"https:\\\/\\\/www.kolttasaamelaiset.fi\\\/#website\",\"url\":\"https:\\\/\\\/www.kolttasaamelaiset.fi\\\/\",\"name\":\"Talvikyl&auml;\",\"description\":\"\",\"publisher\":{\"@id\":\"https:\\\/\\\/www.kolttasaamelaiset.fi\\\/#organization\"},\"potentialAction\":[{\"@type\":\"SearchAction\",\"target\":{\"@type\":\"EntryPoint\",\"urlTemplate\":\"https:\\\/\\\/www.kolttasaamelaiset.fi\\\/?s={search_term_string}\"},\"query-input\":{\"@type\":\"PropertyValueSpecification\",\"valueRequired\":true,\"valueName\":\"search_term_string\"}}],\"inLanguage\":\"se\"},{\"@type\":\"Organization\",\"@id\":\"https:\\\/\\\/www.kolttasaamelaiset.fi\\\/#organization\",\"name\":\"Kolttakulttuuris\u00e4\u00e4ti\u00f6 sr\",\"alternateName\":\"Kolttakulttuuris\u00e4\u00e4ti\u00f6\",\"url\":\"https:\\\/\\\/www.kolttasaamelaiset.fi\\\/\",\"logo\":{\"@type\":\"ImageObject\",\"inLanguage\":\"se\",\"@id\":\"https:\\\/\\\/www.kolttasaamelaiset.fi\\\/#\\\/schema\\\/logo\\\/image\\\/\",\"url\":\"https:\\\/\\\/www.kolttasaamelaiset.fi\\\/wp-content\\\/uploads\\\/2024\\\/10\\\/cropped-kks_300ppi_LOGO_FINAL.png\",\"contentUrl\":\"https:\\\/\\\/www.kolttasaamelaiset.fi\\\/wp-content\\\/uploads\\\/2024\\\/10\\\/cropped-kks_300ppi_LOGO_FINAL.png\",\"width\":512,\"height\":512,\"caption\":\"Kolttakulttuuris\u00e4\u00e4ti\u00f6 sr\"},\"image\":{\"@id\":\"https:\\\/\\\/www.kolttasaamelaiset.fi\\\/#\\\/schema\\\/logo\\\/image\\\/\"},\"sameAs\":[\"https:\\\/\\\/www.facebook.com\\\/kolttakulttuurisaatio\\\/\",\"https:\\\/\\\/x.com\\\/Kolttakulttuuri\",\"https:\\\/\\\/www.instagram.com\\\/kolttakulttuurisaatiotalvikyla\\\/\"]}]}<\/script>\n<!-- \/ Yoast SEO plugin. -->","yoast_head_json":{"title":"Je\u00e4las s\u00e4\u00e4\u02b9m\u01e9i\u00f5ll! -pirstem\u01e9e\u00e2lbb 4.2.\u20134.3.2022 - Talvikyl&auml;","robots":{"index":"index","follow":"follow","max-snippet":"max-snippet:-1","max-image-preview":"max-image-preview:large","max-video-preview":"max-video-preview:-1"},"canonical":"https:\/\/www.kolttasaamelaiset.fi\/se\/nuorttsaamkulttuurfondd\/ha\u02b9n\u01e9\u01e9oozz\/kiollpiezzest-skooule\/aaijpoddsaz\/jealas-saamkioll-pirstemkealbb-4-2\/","og_locale":"en_US","og_type":"article","og_title":"Je\u00e4las s\u00e4\u00e4\u02b9m\u01e9i\u00f5ll! -pirstem\u01e9e\u00e2lbb 4.2.\u20134.3.2022 - Talvikyl&auml;","og_url":"https:\/\/www.kolttasaamelaiset.fi\/se\/nuorttsaamkulttuurfondd\/ha\u02b9n\u01e9\u01e9oozz\/kiollpiezzest-skooule\/aaijpoddsaz\/jealas-saamkioll-pirstemkealbb-4-2\/","og_site_name":"Talvikyl&auml;","article_publisher":"https:\/\/www.facebook.com\/kolttakulttuurisaatio\/","article_modified_time":"2022-02-15T14:20:23+00:00","og_image":[{"url":"http:\/\/www.kolttasaamelaiset.fi\/wp-content\/uploads\/2022\/02\/PIRSTEM\u01e8E\u00c2LBB-4.2.-4.3.2022_JULISTE_smk-\u2013-kopio.jpg","type":"","width":"","height":""}],"twitter_card":"summary_large_image","twitter_site":"@Kolttakulttuuri","schema":{"@context":"https:\/\/schema.org","@graph":[{"@type":"WebPage","@id":"https:\/\/www.kolttasaamelaiset.fi\/se\/nuorttsaamkulttuurfondd\/ha%ca%b9n%c7%a9%c7%a9oozz\/kiollpiezzest-skooule\/aaijpoddsaz\/jealas-saamkioll-pirstemkealbb-4-2\/","url":"https:\/\/www.kolttasaamelaiset.fi\/se\/nuorttsaamkulttuurfondd\/ha%ca%b9n%c7%a9%c7%a9oozz\/kiollpiezzest-skooule\/aaijpoddsaz\/jealas-saamkioll-pirstemkealbb-4-2\/","name":"Je\u00e4las s\u00e4\u00e4\u02b9m\u01e9i\u00f5ll! -pirstem\u01e9e\u00e2lbb 4.2.\u20134.3.2022 - Talvikyl&auml;","isPartOf":{"@id":"https:\/\/www.kolttasaamelaiset.fi\/#website"},"datePublished":"2022-02-15T14:20:08+00:00","dateModified":"2022-02-15T14:20:23+00:00","breadcrumb":{"@id":"https:\/\/www.kolttasaamelaiset.fi\/se\/nuorttsaamkulttuurfondd\/ha%ca%b9n%c7%a9%c7%a9oozz\/kiollpiezzest-skooule\/aaijpoddsaz\/jealas-saamkioll-pirstemkealbb-4-2\/#breadcrumb"},"inLanguage":"se","potentialAction":[{"@type":"ReadAction","target":["https:\/\/www.kolttasaamelaiset.fi\/se\/nuorttsaamkulttuurfondd\/ha%ca%b9n%c7%a9%c7%a9oozz\/kiollpiezzest-skooule\/aaijpoddsaz\/jealas-saamkioll-pirstemkealbb-4-2\/"]}]},{"@type":"BreadcrumbList","@id":"https:\/\/www.kolttasaamelaiset.fi\/se\/nuorttsaamkulttuurfondd\/ha%ca%b9n%c7%a9%c7%a9oozz\/kiollpiezzest-skooule\/aaijpoddsaz\/jealas-saamkioll-pirstemkealbb-4-2\/#breadcrumb","itemListElement":[{"@type":"ListItem","position":1,"name":"Etusivu","item":"https:\/\/www.kolttasaamelaiset.fi\/se\/"},{"@type":"ListItem","position":2,"name":"S\u00e4\u00e4\u02b9mkulttuurfondd","item":"https:\/\/www.kolttasaamelaiset.fi\/kolttakulttuurisaatio\/"},{"@type":"ListItem","position":3,"name":"Ha\u02b9\u014b\u01e9\u01e9\u00f5\u00f5zz","item":"https:\/\/www.kolttasaamelaiset.fi\/kolttakulttuurisaatio\/hankkeet\/"},{"@type":"ListItem","position":4,"name":"\u01e8i\u00f5llpie\u02b9zzest \u0161koou\u02b9le -ha\u02b9\u014b\u01e9\u01e9\u00f5s","item":"https:\/\/www.kolttasaamelaiset.fi\/se\/nuorttsaamkulttuurfondd\/ha%ca%b9n%c7%a9%c7%a9oozz\/kiollpiezzest-skooule\/"},{"@type":"ListItem","position":5,"name":"\u00c4\u00e4i\u02b9jpoddsa\u017e","item":"https:\/\/www.kolttasaamelaiset.fi\/se\/nuorttsaamkulttuurfondd\/ha%ca%b9n%c7%a9%c7%a9oozz\/kiollpiezzest-skooule\/aaijpoddsaz\/"},{"@type":"ListItem","position":6,"name":"Je\u00e4las s\u00e4\u00e4\u02b9m\u01e9i\u00f5ll! -pirstem\u01e9e\u00e2lbb 4.2.\u20134.3.2022"}]},{"@type":"WebSite","@id":"https:\/\/www.kolttasaamelaiset.fi\/#website","url":"https:\/\/www.kolttasaamelaiset.fi\/","name":"Talvikyl&auml;","description":"","publisher":{"@id":"https:\/\/www.kolttasaamelaiset.fi\/#organization"},"potentialAction":[{"@type":"SearchAction","target":{"@type":"EntryPoint","urlTemplate":"https:\/\/www.kolttasaamelaiset.fi\/?s={search_term_string}"},"query-input":{"@type":"PropertyValueSpecification","valueRequired":true,"valueName":"search_term_string"}}],"inLanguage":"se"},{"@type":"Organization","@id":"https:\/\/www.kolttasaamelaiset.fi\/#organization","name":"Kolttakulttuuris\u00e4\u00e4ti\u00f6 sr","alternateName":"Kolttakulttuuris\u00e4\u00e4ti\u00f6","url":"https:\/\/www.kolttasaamelaiset.fi\/","logo":{"@type":"ImageObject","inLanguage":"se","@id":"https:\/\/www.kolttasaamelaiset.fi\/#\/schema\/logo\/image\/","url":"https:\/\/www.kolttasaamelaiset.fi\/wp-content\/uploads\/2024\/10\/cropped-kks_300ppi_LOGO_FINAL.png","contentUrl":"https:\/\/www.kolttasaamelaiset.fi\/wp-content\/uploads\/2024\/10\/cropped-kks_300ppi_LOGO_FINAL.png","width":512,"height":512,"caption":"Kolttakulttuuris\u00e4\u00e4ti\u00f6 sr"},"image":{"@id":"https:\/\/www.kolttasaamelaiset.fi\/#\/schema\/logo\/image\/"},"sameAs":["https:\/\/www.facebook.com\/kolttakulttuurisaatio\/","https:\/\/x.com\/Kolttakulttuuri","https:\/\/www.instagram.com\/kolttakulttuurisaatiotalvikyla\/"]}]}},"_links":{"self":[{"href":"https:\/\/www.kolttasaamelaiset.fi\/se\/wp-json\/wp\/v2\/pages\/4194","targetHints":{"allow":["GET"]}}],"collection":[{"href":"https:\/\/www.kolttasaamelaiset.fi\/se\/wp-json\/wp\/v2\/pages"}],"about":[{"href":"https:\/\/www.kolttasaamelaiset.fi\/se\/wp-json\/wp\/v2\/types\/page"}],"author":[{"embeddable":true,"href":"https:\/\/www.kolttasaamelaiset.fi\/se\/wp-json\/wp\/v2\/users\/2"}],"replies":[{"embeddable":true,"href":"https:\/\/www.kolttasaamelaiset.fi\/se\/wp-json\/wp\/v2\/comments?post=4194"}],"version-history":[{"count":2,"href":"https:\/\/www.kolttasaamelaiset.fi\/se\/wp-json\/wp\/v2\/pages\/4194\/revisions"}],"predecessor-version":[{"id":4197,"href":"https:\/\/www.kolttasaamelaiset.fi\/se\/wp-json\/wp\/v2\/pages\/4194\/revisions\/4197"}],"up":[{"embeddable":true,"href":"https:\/\/www.kolttasaamelaiset.fi\/se\/wp-json\/wp\/v2\/pages\/4190"}],"wp:attachment":[{"href":"https:\/\/www.kolttasaamelaiset.fi\/se\/wp-json\/wp\/v2\/media?parent=4194"}],"curies":[{"name":"wp","href":"https:\/\/api.w.org\/{rel}","templated":true}]}}